{"id":160,"date":"2024-11-06T09:28:33","date_gmt":"2024-11-06T17:28:33","guid":{"rendered":"https:\/\/www.yakimawa.gov\/services\/city-attorney\/?page_id=160"},"modified":"2024-11-06T13:43:03","modified_gmt":"2024-11-06T21:43:03","slug":"violencia-domestica","status":"publish","type":"page","link":"https:\/\/www.yakimawa.gov\/services\/city-attorney\/domestic-violence\/violencia-domestica\/","title":{"rendered":"Violencia Dom\u00e9stica"},"content":{"rendered":"\n<p>La Oficina del Fiscal de la Ciudad de Yakima se toma muy en serio los casos de violencia dom\u00e9stica y reconoce la gravedad de la amenaza que representa la violencia de pareja y la necesidad de realizar mayores esfuerzos para garantizar la seguridad de la v\u00edctima, la responsabilidad del delincuente y la justicia r\u00e1pida en estos casos.<\/p>\n\n\n\n<p>Los Coordinadores de Defensores de V\u00edctimas est\u00e1n disponibles para ayudar a las v\u00edctimas en casos de violencia dom\u00e9stica que han sido acusados o referidos a la Divisi\u00f3n de Enjuiciamiento Legal de la Ciudad. Trabajan en colaboraci\u00f3n con las v\u00edctimas de delitos de violencia dom\u00e9stica para ayudarles a navegar por el sistema de justicia penal. Tambi\u00e9n proporcionan informaci\u00f3n sobre derechos legales, opciones, recursos y servicios contra la violencia dom\u00e9stica.<\/p>\n\n\n\n<p>Los Coordinadores de Defensores de V\u00edctimas tambi\u00e9n trabajan en colaboraci\u00f3n con los Defensores de la Comunidad para ayudar a conectar a las v\u00edctimas con los servicios de violencia dom\u00e9stica. Los Coordinadores de Defensores de V\u00edctimas y los Defensores de la Comunidad pueden responder preguntas sobre c\u00f3mo obtener una Orden de Protecci\u00f3n. Tambi\u00e9n puede acceder al sitio web del Condado de Yakima <a href=\"https:\/\/www.yakimacounty.us\/223\/Protection-Orders\">Protection Orders | Yakima County, WA<\/a> para obtener informaci\u00f3n sobre las \u00d3rdenes de protecci\u00f3n y formularios judiciales de autoayuda en l\u00ednea con instrucciones y pantallas de &#8216;preguntas\/respuestas&#8217;.<\/p>\n\n\n\n<p>No necesitas ser v\u00edctima en un caso actual para hablar con un Defensor de la Comunidad del YWCA. El YWCA de Yakima es una organizaci\u00f3n sin fines de lucro que brinda servicios de violencia dom\u00e9stica a aquellos en situaciones de emergencia de violencia dom\u00e9stica, as\u00ed como a aquellos referidos por una agencia externa. Para obtener m\u00e1s informaci\u00f3n, visite su p\u00e1gina web en <a href=\"https:\/\/www.ywcayakima.org\/\">YWCA Yakima | Domestic Violence | Emergency Shelter<\/a>. Todos los servicios est\u00e1n disponibles para hombres, mujeres y ni\u00f1os. Los servicios se llevan a cabo en un entorno seguro y confidencial. Puede comunicarse con defensores capacitados las 24 horas del d\u00eda llamando al (509) 248-7796 (YWCA).<\/p>\n\n\n\n<p><\/p>\n","protected":false},"excerpt":{"rendered":"<p>La Oficina del Fiscal de la Ciudad de Yakima se toma muy en serio los casos de violencia dom\u00e9stica y reconoce la gravedad de la amenaza que representa la violencia de pareja y la necesidad de realizar mayores esfuerzos para garantizar la seguridad de la v\u00edctima, la responsabilidad del delincuente y la justicia r\u00e1pida en<\/p>\n","protected":false},"author":90,"featured_media":0,"parent":34,"menu_order":0,"comment_status":"closed","ping_status":"closed","template":"","meta":{"footnotes":""},"class_list":["post-160","page","type-page","status-publish","hentry"],"_links":{"self":[{"href":"https:\/\/www.yakimawa.gov\/services\/city-attorney\/wp-json\/wp\/v2\/pages\/160","targetHints":{"allow":["GET"]}}],"collection":[{"href":"https:\/\/www.yakimawa.gov\/services\/city-attorney\/wp-json\/wp\/v2\/pages"}],"about":[{"href":"https:\/\/www.yakimawa.gov\/services\/city-attorney\/wp-json\/wp\/v2\/types\/page"}],"author":[{"embeddable":true,"href":"https:\/\/www.yakimawa.gov\/services\/city-attorney\/wp-json\/wp\/v2\/users\/90"}],"replies":[{"embeddable":true,"href":"https:\/\/www.yakimawa.gov\/services\/city-attorney\/wp-json\/wp\/v2\/comments?post=160"}],"version-history":[{"count":3,"href":"https:\/\/www.yakimawa.gov\/services\/city-attorney\/wp-json\/wp\/v2\/pages\/160\/revisions"}],"predecessor-version":[{"id":171,"href":"https:\/\/www.yakimawa.gov\/services\/city-attorney\/wp-json\/wp\/v2\/pages\/160\/revisions\/171"}],"up":[{"embeddable":true,"href":"https:\/\/www.yakimawa.gov\/services\/city-attorney\/wp-json\/wp\/v2\/pages\/34"}],"wp:attachment":[{"href":"https:\/\/www.yakimawa.gov\/services\/city-attorney\/wp-json\/wp\/v2\/media?parent=160"}],"curies":[{"name":"wp","href":"https:\/\/api.w.org\/{rel}","templated":true}]}}