{"id":8733,"date":"2026-01-15T12:17:25","date_gmt":"2026-01-15T20:17:25","guid":{"rendered":"https:\/\/www.yakimawa.gov\/services\/municipal-court\/?page_id=8733"},"modified":"2026-02-11T14:01:53","modified_gmt":"2026-02-11T22:01:53","slug":"yakima-municipal-court","status":"publish","type":"page","link":"https:\/\/www.yakimawa.gov\/services\/municipal-court\/","title":{"rendered":"Yakima Municipal Court"},"content":{"rendered":"\n<p><\/p>\n\n\n\n<div class=\"wp-block-columns is-layout-flex wp-container-core-columns-is-layout-9d6595d7 wp-block-columns-is-layout-flex\">\n<div class=\"wp-block-column is-layout-flow wp-block-column-is-layout-flow\"><div class=\"wp-block-image\">\n<figure class=\"aligncenter size-large is-resized\"><a href=\"https:\/\/www.yakimawa.gov\/services\/municipal-court\/files\/2024\/12\/Judical-Photo-scaled.jpg\"><img loading=\"lazy\" decoding=\"async\" width=\"1024\" height=\"729\" src=\"https:\/\/www.yakimawa.gov\/services\/municipal-court\/files\/2024\/12\/Judical-Photo-1024x729.jpg\" alt=\"Image of Judge Aryn M. Masters, Court Commissioner Wendy J. Winfield, Judge Troy J. Clements\n\" class=\"wp-image-7895\" style=\"aspect-ratio:1.4046664030280775;width:678px;height:auto\" srcset=\"https:\/\/www.yakimawa.gov\/services\/municipal-court\/files\/2024\/12\/Judical-Photo-1024x729.jpg 1024w, https:\/\/www.yakimawa.gov\/services\/municipal-court\/files\/2024\/12\/Judical-Photo-300x213.jpg 300w, https:\/\/www.yakimawa.gov\/services\/municipal-court\/files\/2024\/12\/Judical-Photo-768x547.jpg 768w, https:\/\/www.yakimawa.gov\/services\/municipal-court\/files\/2024\/12\/Judical-Photo-1536x1093.jpg 1536w, https:\/\/www.yakimawa.gov\/services\/municipal-court\/files\/2024\/12\/Judical-Photo-2048x1457.jpg 2048w\" sizes=\"auto, (max-width: 1024px) 100vw, 1024px\" \/><\/a><\/figure>\n<\/div>\n\n\n<p class=\"has-text-align-center\">Judge Aryn M. Masters, Court Commissioner Wendy J. Winfield, Judge Troy J. Clements<\/p>\n\n\n\n<p><\/p>\n\n\n<div class=\"wp-block-image is-style-default\">\n<figure class=\"aligncenter size-large is-resized\"><a href=\"https:\/\/www.yakimawa.gov\/services\/municipal-court\/files\/2026\/02\/text-message-scam.jpg\"><img loading=\"lazy\" decoding=\"async\" width=\"1024\" height=\"576\" src=\"https:\/\/www.yakimawa.gov\/services\/municipal-court\/files\/2026\/02\/text-message-scam-1024x576.jpg\" alt=\"New Scam Warning \nPhoto with phone and 1 new message \nYakima Municipal Court has received numerous inquiries regarding text messages being received from Washington State Department of Licensing (DOL) and Traffic Safety Court.\n\n\" class=\"wp-image-8884\" style=\"width:686px;height:auto\" srcset=\"https:\/\/www.yakimawa.gov\/services\/municipal-court\/files\/2026\/02\/text-message-scam-1024x576.jpg 1024w, https:\/\/www.yakimawa.gov\/services\/municipal-court\/files\/2026\/02\/text-message-scam-300x169.jpg 300w, https:\/\/www.yakimawa.gov\/services\/municipal-court\/files\/2026\/02\/text-message-scam-768x432.jpg 768w, https:\/\/www.yakimawa.gov\/services\/municipal-court\/files\/2026\/02\/text-message-scam.jpg 1280w\" sizes=\"auto, (max-width: 1024px) 100vw, 1024px\" \/><\/a><\/figure>\n<\/div>\n\n\n<p><\/p>\n\n\n\n<figure class=\"wp-block-image size-full is-resized\"><a href=\"https:\/\/www.yakimawa.gov\/services\/municipal-court\/files\/2026\/01\/image-2.png\"><img loading=\"lazy\" decoding=\"async\" width=\"736\" height=\"84\" src=\"https:\/\/www.yakimawa.gov\/services\/municipal-court\/files\/2026\/01\/image-2.png\" alt=\"Now offering a traffic safety course.  Photo with red and blue background\" class=\"wp-image-8855\" style=\"width:843px;height:auto\" srcset=\"https:\/\/www.yakimawa.gov\/services\/municipal-court\/files\/2026\/01\/image-2.png 736w, https:\/\/www.yakimawa.gov\/services\/municipal-court\/files\/2026\/01\/image-2-300x34.png 300w\" sizes=\"auto, (max-width: 736px) 100vw, 736px\" \/><\/a><\/figure>\n<\/div>\n<\/div>\n\n\n\n<div class=\"wp-block-columns is-layout-flex wp-container-core-columns-is-layout-9d6595d7 wp-block-columns-is-layout-flex\">\n<div class=\"wp-block-column is-layout-flow wp-block-column-is-layout-flow\" style=\"flex-basis:20%\"><div class=\"menu-side-menu-container\"><ul id=\"menu-side-menu\" class=\"menu\"><li id=\"menu-item-4006\" class=\"btn btn-primary btn-block menu-item menu-item-type-post_type menu-item-object-page menu-item-4006\"><a href=\"https:\/\/www.yakimawa.gov\/services\/municipal-court\/mission-statement\/\">Mission Statement<\/a><\/li>\n<li id=\"menu-item-3927\" class=\"btn btn-primary btn-block menu-item menu-item-type-post_type menu-item-object-page menu-item-3927\"><a href=\"https:\/\/www.yakimawa.gov\/services\/municipal-court\/court-calendar\/\">Court Calendar<\/a><\/li>\n<li id=\"menu-item-8452\" class=\"btn btn-primary btn-block menu-item menu-item-type-custom menu-item-object-custom menu-item-8452\"><a href=\"https:\/\/courtrecords.yakimawa.gov\/\">Courts Records Request<\/a><\/li>\n<li id=\"menu-item-7528\" class=\"btn btn-primary btn-block menu-item menu-item-type-post_type menu-item-object-page menu-item-7528\"><a href=\"https:\/\/www.yakimawa.gov\/services\/municipal-court\/blake-refund-information-2\/\">State v. Blake Refund Information<\/a><\/li>\n<li id=\"menu-item-3942\" class=\"btn btn-primary btn-block menu-item menu-item-type-custom menu-item-object-custom menu-item-3942\"><a href=\"https:\/\/dw.courts.wa.gov\/?fa=home.fmcdTerms\">Find My Court Date<\/a><\/li>\n<li id=\"menu-item-3913\" class=\"btn btn-primary btn-block menu-item menu-item-type-post_type menu-item-object-page menu-item-3913\"><a href=\"https:\/\/www.yakimawa.gov\/services\/municipal-court\/payment-options\/\">Payment Options<\/a><\/li>\n<li id=\"menu-item-3950\" class=\"btn btn-primary btn-block menu-item menu-item-type-post_type menu-item-object-page menu-item-3950\"><a href=\"https:\/\/www.yakimawa.gov\/services\/municipal-court\/electronic-home-monitoring\/\">EHM, IID, and 24\/7 Alcohol<\/a><\/li>\n<li id=\"menu-item-7459\" class=\"btn btn-primary btn-block menu-item menu-item-type-post_type menu-item-object-page menu-item-7459\"><a href=\"https:\/\/www.yakimawa.gov\/services\/municipal-court\/community-service-providers\/\">Community Service Info.<\/a><\/li>\n<li id=\"menu-item-3882\" class=\"btn btn-primary btn-block menu-item menu-item-type-post_type menu-item-object-page menu-item-3882\"><a href=\"https:\/\/www.yakimawa.gov\/services\/municipal-court\/infraction-options\/\">Infraction Options<\/a><\/li>\n<li id=\"menu-item-3953\" class=\"btn btn-primary btn-block menu-item menu-item-type-post_type menu-item-object-page menu-item-3953\"><a href=\"https:\/\/www.yakimawa.gov\/services\/municipal-court\/forms\/\">Forms<\/a><\/li>\n<li id=\"menu-item-3959\" class=\"btn btn-primary btn-block menu-item menu-item-type-post_type menu-item-object-page menu-item-3959\"><a href=\"https:\/\/www.yakimawa.gov\/services\/municipal-court\/jury-duty\/\">Jury Duty<\/a><\/li>\n<li id=\"menu-item-3966\" class=\"btn btn-primary btn-block menu-item menu-item-type-post_type menu-item-object-page menu-item-3966\"><a href=\"https:\/\/www.yakimawa.gov\/services\/municipal-court\/local-court-rules\/\">Local Court Rules<\/a><\/li>\n<li id=\"menu-item-8214\" class=\"btn btn-primary btn-block menu-item menu-item-type-post_type menu-item-object-page menu-item-has-children menu-item-8214\"><a href=\"https:\/\/www.yakimawa.gov\/services\/municipal-court\/traffic-safety-program\/\">Traffic Safety Program<\/a>\n<ul class=\"sub-menu\">\n\t<li id=\"menu-item-8808\" class=\"menu-item menu-item-type-post_type menu-item-object-page menu-item-8808\"><a href=\"https:\/\/www.yakimawa.gov\/services\/municipal-court\/traffic-safety-questionnaire\/\">Traffic Safety Questionnaire<\/a><\/li>\n\t<li id=\"menu-item-8818\" class=\"menu-item menu-item-type-post_type menu-item-object-page menu-item-8818\"><a href=\"https:\/\/www.yakimawa.gov\/services\/municipal-court\/tsp-contract\/\">TSP Contract<\/a><\/li>\n<\/ul>\n<\/li>\n<li id=\"menu-item-3971\" class=\"btn btn-primary btn-block menu-item menu-item-type-post_type menu-item-object-page menu-item-3971\"><a href=\"https:\/\/www.yakimawa.gov\/services\/municipal-court\/probation\/\">Probation<\/a><\/li>\n<li id=\"menu-item-3979\" class=\"btn btn-primary btn-block menu-item menu-item-type-post_type menu-item-object-page menu-item-3979\"><a href=\"https:\/\/www.yakimawa.gov\/services\/municipal-court\/public-defender\/\">Public Defender<\/a><\/li>\n<li id=\"menu-item-3982\" class=\"btn btn-primary btn-block menu-item menu-item-type-post_type menu-item-object-page menu-item-3982\"><a href=\"https:\/\/www.yakimawa.gov\/services\/municipal-court\/speed-measuring-device-certification\/\">Speed Measuring Certification<\/a><\/li>\n<li id=\"menu-item-4861\" class=\"btn btn-primary btn-block menu-item menu-item-type-post_type menu-item-object-page menu-item-4861\"><a href=\"https:\/\/www.yakimawa.gov\/services\/municipal-court\/zoom-hearings\/\">Zoom Hearings<\/a><\/li>\n<li id=\"menu-item-6560\" class=\"btn btn-primary btn-block menu-item menu-item-type-post_type menu-item-object-page menu-item-6560\"><a href=\"https:\/\/www.yakimawa.gov\/services\/municipal-court\/blake-vacation-information\/\">Other<\/a><\/li>\n<\/ul><\/div>\n<\/div>\n\n\n\n<div class=\"wp-block-column is-layout-flow wp-block-column-is-layout-flow\" style=\"flex-basis:80%\">\n<div class=\"wp-block-group alignwide mb-4 is-content-justification-center is-nowrap is-layout-flex wp-container-core-group-is-layout-94bc23d7 wp-block-group-is-layout-flex\">\n<div class=\"wp-block-columns is-layout-flex wp-container-core-columns-is-layout-9d6595d7 wp-block-columns-is-layout-flex\">\n<div class=\"wp-block-column is-layout-flow wp-block-column-is-layout-flow\">\n<div class=\"wp-block-cover is-repeated\"><div role=\"img\" aria-label=\"Photo with credit card for online payments\" class=\"wp-block-cover__image-background wp-image-6714 size-full is-repeated\" style=\"background-position:50% 50%;background-image:url(https:\/\/www.yakimawa.gov\/services\/municipal-court\/files\/2023\/05\/OnlinePayment500.jpg)\"><\/div><span aria-hidden=\"true\" class=\"wp-block-cover__background has-background-dim\"><\/span><div class=\"wp-block-cover__inner-container is-layout-constrained wp-block-cover-is-layout-constrained\">\n<p class=\"has-text-align-center has-white-color has-text-color has-link-color wp-elements-2f6fe347748ed806d0cb331fb451a19f\" style=\"font-size:25px\"><a href=\"https:\/\/www.ncourt.com\/x-press\/X-onlinepayments.aspx?Juris=97b8443c-c186-49d2-8944-bf9ac858dde8\" data-type=\"link\" data-id=\"https:\/\/www.ncourt.com\/x-press\/X-onlinepayments.aspx?Juris=97b8443c-c186-49d2-8944-bf9ac858dde8\"><strong>Online Payments<\/strong><\/a> <br>PAGOS EN LINEA<\/p>\n<\/div><\/div>\n<\/div>\n\n\n\n<div class=\"wp-block-column is-layout-flow wp-block-column-is-layout-flow\">\n<div class=\"wp-block-cover aligncenter wp-duotone-unset-1\"><img loading=\"lazy\" decoding=\"async\" width=\"510\" height=\"330\" class=\"wp-block-cover__image-background wp-image-6513 size-full\" alt=\"Photo of computer to find case number\" src=\"https:\/\/www.yakimawa.gov\/services\/municipal-court\/files\/2023\/03\/laptop-t2.jpg\" data-object-fit=\"cover\" srcset=\"https:\/\/www.yakimawa.gov\/services\/municipal-court\/files\/2023\/03\/laptop-t2.jpg 510w, https:\/\/www.yakimawa.gov\/services\/municipal-court\/files\/2023\/03\/laptop-t2-300x194.jpg 300w\" sizes=\"auto, (max-width: 510px) 100vw, 510px\" \/><span aria-hidden=\"true\" class=\"wp-block-cover__background has-background-dim\"><\/span><div class=\"wp-block-cover__inner-container is-layout-constrained wp-block-cover-is-layout-constrained\">\n<p class=\"has-text-align-center has-white-color has-text-color has-link-color wp-elements-6d72db1a8da7a755b704fff52f96a5e4\" style=\"font-size:25px\"><a href=\"https:\/\/dw.courts.wa.gov\/\" data-type=\"link\" data-id=\"https:\/\/dw.courts.wa.gov\/\"><strong>Find My Case Number<\/strong><\/a> <\/p>\n\n\n\n<p class=\"has-text-align-center has-white-color has-text-color has-link-color wp-elements-bd2cb1919efdcfc276102e7a5294fb3b\" style=\"font-size:25px\"> ENCUENTRA MI NUMERO DE CASO<\/p>\n<\/div><\/div>\n<\/div>\n<\/div>\n<\/div>\n\n\n\n<div class=\"wp-block-group alignwide mb-4 is-content-justification-center is-nowrap is-layout-flex wp-container-core-group-is-layout-94bc23d7 wp-block-group-is-layout-flex\">\n<div class=\"wp-block-columns is-layout-flex wp-container-core-columns-is-layout-9d6595d7 wp-block-columns-is-layout-flex\">\n<div class=\"wp-block-column is-layout-flow wp-block-column-is-layout-flow\">\n<div class=\"wp-block-cover\"><img loading=\"lazy\" decoding=\"async\" width=\"2560\" height=\"1920\" class=\"wp-block-cover__image-background wp-image-3928 size-full\" alt=\"Photo of Calendar for Court Calendar\" src=\"https:\/\/www.yakimawa.gov\/services\/municipal-court\/files\/2020\/06\/calendar-dates-paper-schedule-273153-scaled.jpg\" data-object-fit=\"cover\" srcset=\"https:\/\/www.yakimawa.gov\/services\/municipal-court\/files\/2020\/06\/calendar-dates-paper-schedule-273153-scaled.jpg 2560w, https:\/\/www.yakimawa.gov\/services\/municipal-court\/files\/2020\/06\/calendar-dates-paper-schedule-273153-300x225.jpg 300w, https:\/\/www.yakimawa.gov\/services\/municipal-court\/files\/2020\/06\/calendar-dates-paper-schedule-273153-1024x768.jpg 1024w, https:\/\/www.yakimawa.gov\/services\/municipal-court\/files\/2020\/06\/calendar-dates-paper-schedule-273153-768x576.jpg 768w, https:\/\/www.yakimawa.gov\/services\/municipal-court\/files\/2020\/06\/calendar-dates-paper-schedule-273153-1536x1152.jpg 1536w, https:\/\/www.yakimawa.gov\/services\/municipal-court\/files\/2020\/06\/calendar-dates-paper-schedule-273153-2048x1536.jpg 2048w\" sizes=\"auto, (max-width: 2560px) 100vw, 2560px\" \/><span aria-hidden=\"true\" class=\"wp-block-cover__background has-background-dim\"><\/span><div class=\"wp-block-cover__inner-container is-layout-constrained wp-block-cover-is-layout-constrained\">\n<p class=\"has-text-align-center has-white-color has-text-color has-link-color wp-elements-9b202e584545d76ce221d558d8f714cf\" style=\"font-size:25px\"><a href=\"https:\/\/www.yakimawa.gov\/services\/municipal-court\/court-calendar\/\" data-type=\"link\" data-id=\"https:\/\/www.yakimawa.gov\/services\/municipal-court\/court-calendar\/\"><strong>Court Calendar<\/strong><\/a> <br>CALENDARIO DE LA CORTE<\/p>\n<\/div><\/div>\n<\/div>\n\n\n\n<div class=\"wp-block-column is-layout-flow wp-block-column-is-layout-flow\">\n<div class=\"wp-block-cover\"><img loading=\"lazy\" decoding=\"async\" width=\"2560\" height=\"1437\" class=\"wp-block-cover__image-background wp-image-3931 size-full\" alt=\"Photo of Files - Infraction options\" src=\"https:\/\/www.yakimawa.gov\/services\/municipal-court\/files\/2020\/06\/brown-paper-book-159510-scaled.jpg\" style=\"object-position:73% 18%\" data-object-fit=\"cover\" data-object-position=\"73% 18%\" srcset=\"https:\/\/www.yakimawa.gov\/services\/municipal-court\/files\/2020\/06\/brown-paper-book-159510-scaled.jpg 2560w, https:\/\/www.yakimawa.gov\/services\/municipal-court\/files\/2020\/06\/brown-paper-book-159510-300x168.jpg 300w, https:\/\/www.yakimawa.gov\/services\/municipal-court\/files\/2020\/06\/brown-paper-book-159510-1024x575.jpg 1024w, https:\/\/www.yakimawa.gov\/services\/municipal-court\/files\/2020\/06\/brown-paper-book-159510-768x431.jpg 768w, https:\/\/www.yakimawa.gov\/services\/municipal-court\/files\/2020\/06\/brown-paper-book-159510-1536x862.jpg 1536w, https:\/\/www.yakimawa.gov\/services\/municipal-court\/files\/2020\/06\/brown-paper-book-159510-2048x1150.jpg 2048w\" sizes=\"auto, (max-width: 2560px) 100vw, 2560px\" \/><span aria-hidden=\"true\" class=\"wp-block-cover__background has-background-dim\"><\/span><div class=\"wp-block-cover__inner-container is-layout-constrained wp-block-cover-is-layout-constrained\">\n<p class=\"has-text-align-center has-white-color has-text-color has-link-color wp-elements-dac92a5f4d3582733c8edcc5cf99441f\" style=\"font-size:25px\"><a href=\"https:\/\/www.yakimawa.gov\/services\/municipal-court\/infraction-options\/\" data-type=\"link\" data-id=\"https:\/\/www.yakimawa.gov\/services\/municipal-court\/infraction-options\/\"><strong>Infraction Options<\/strong><\/a> <\/p>\n\n\n\n<p class=\"has-text-align-center has-white-color has-text-color has-link-color wp-elements-ccdec3d84a3b2d02b39c0532e2fa2fd7\" style=\"font-size:25px\">OPCIONES DE INFRACCION<\/p>\n<\/div><\/div>\n<\/div>\n<\/div>\n<\/div>\n\n\n\n<div class=\"wp-block-group alignwide is-content-justification-center is-nowrap is-layout-flex wp-container-core-group-is-layout-94bc23d7 wp-block-group-is-layout-flex\">\n<div class=\"wp-block-columns is-layout-flex wp-container-core-columns-is-layout-9d6595d7 wp-block-columns-is-layout-flex\">\n<div class=\"wp-block-column is-layout-flow wp-block-column-is-layout-flow\">\n<div class=\"wp-block-cover aligncenter\" style=\"min-height:428px;aspect-ratio:unset;\"><img loading=\"lazy\" decoding=\"async\" width=\"2560\" height=\"1703\" class=\"wp-block-cover__image-background wp-image-3944 size-full\" alt=\"Picture of a calendar for find my court date\" src=\"https:\/\/www.yakimawa.gov\/services\/municipal-court\/files\/2020\/06\/photo-of-planner-and-writing-materials-760710-scaled.jpg\" style=\"object-position:39% 76%\" data-object-fit=\"cover\" data-object-position=\"39% 76%\" srcset=\"https:\/\/www.yakimawa.gov\/services\/municipal-court\/files\/2020\/06\/photo-of-planner-and-writing-materials-760710-scaled.jpg 2560w, https:\/\/www.yakimawa.gov\/services\/municipal-court\/files\/2020\/06\/photo-of-planner-and-writing-materials-760710-300x200.jpg 300w, https:\/\/www.yakimawa.gov\/services\/municipal-court\/files\/2020\/06\/photo-of-planner-and-writing-materials-760710-1024x681.jpg 1024w, https:\/\/www.yakimawa.gov\/services\/municipal-court\/files\/2020\/06\/photo-of-planner-and-writing-materials-760710-768x511.jpg 768w, https:\/\/www.yakimawa.gov\/services\/municipal-court\/files\/2020\/06\/photo-of-planner-and-writing-materials-760710-1536x1022.jpg 1536w, https:\/\/www.yakimawa.gov\/services\/municipal-court\/files\/2020\/06\/photo-of-planner-and-writing-materials-760710-2048x1363.jpg 2048w, https:\/\/www.yakimawa.gov\/services\/municipal-court\/files\/2020\/06\/photo-of-planner-and-writing-materials-760710-600x400.jpg 600w\" sizes=\"auto, (max-width: 2560px) 100vw, 2560px\" \/><span aria-hidden=\"true\" class=\"wp-block-cover__background has-background-dim\"><\/span><div class=\"wp-block-cover__inner-container is-layout-constrained wp-block-cover-is-layout-constrained\">\n<p class=\"has-text-align-center has-white-color has-text-color has-link-color wp-elements-bf53f95a8596ea7b9e85bc6352c9f430\" style=\"font-size:25px\"><a href=\"https:\/\/dw.courts.wa.gov\/?fa=home.fmcdTerms\" data-type=\"link\" data-id=\"https:\/\/dw.courts.wa.gov\/?fa=home.fmcdTerms\"><strong>Find My Court Date<\/strong><\/a> <br>ENCUENTRA MI FECHA DE JUICIO<\/p>\n<\/div><\/div>\n<\/div>\n\n\n\n<div class=\"wp-block-column is-layout-flow wp-block-column-is-layout-flow\">\n<div class=\"wp-block-cover\"><img loading=\"lazy\" decoding=\"async\" width=\"2560\" height=\"1920\" class=\"wp-block-cover__image-background wp-image-3946 size-full\" alt=\"Picture of Signature for Froms\" src=\"https:\/\/www.yakimawa.gov\/services\/municipal-court\/files\/2020\/06\/agreement-blur-business-close-up-261621-scaled.jpg\" style=\"object-position:36% 41%\" data-object-fit=\"cover\" data-object-position=\"36% 41%\" srcset=\"https:\/\/www.yakimawa.gov\/services\/municipal-court\/files\/2020\/06\/agreement-blur-business-close-up-261621-scaled.jpg 2560w, https:\/\/www.yakimawa.gov\/services\/municipal-court\/files\/2020\/06\/agreement-blur-business-close-up-261621-300x225.jpg 300w, https:\/\/www.yakimawa.gov\/services\/municipal-court\/files\/2020\/06\/agreement-blur-business-close-up-261621-1024x768.jpg 1024w, https:\/\/www.yakimawa.gov\/services\/municipal-court\/files\/2020\/06\/agreement-blur-business-close-up-261621-768x576.jpg 768w, https:\/\/www.yakimawa.gov\/services\/municipal-court\/files\/2020\/06\/agreement-blur-business-close-up-261621-1536x1152.jpg 1536w, https:\/\/www.yakimawa.gov\/services\/municipal-court\/files\/2020\/06\/agreement-blur-business-close-up-261621-2048x1536.jpg 2048w\" sizes=\"auto, (max-width: 2560px) 100vw, 2560px\" \/><span aria-hidden=\"true\" class=\"wp-block-cover__background has-gray-dark-background-color has-background-dim-80 has-background-dim\"><\/span><div class=\"wp-block-cover__inner-container is-layout-constrained wp-block-cover-is-layout-constrained\">\n<p class=\"has-text-align-center has-white-color has-text-color has-link-color wp-elements-a5594a2c7df781a7d97ec190b1989acf\" style=\"font-size:25px\"><a href=\"https:\/\/www.yakimawa.gov\/services\/municipal-court\/forms\/\" data-type=\"link\" data-id=\"https:\/\/www.yakimawa.gov\/services\/municipal-court\/forms\/\"><strong>Forms<\/strong><\/a> <\/p>\n\n\n\n<p class=\"has-text-align-center has-white-color has-text-color has-link-color wp-elements-dfde6b54ad5b941fc28cd00e21fa9812\" style=\"font-size:25px\">FORMAS<\/p>\n<\/div><\/div>\n<\/div>\n<\/div>\n<\/div>\n<\/div>\n<\/div>\n\n\n\n<p>DISCLAIMER \u2013 Information contained in this website and its associated webpages is meant to provide legal information,&nbsp;<strong>not legal advice<\/strong>. Staff cannot provide legal advice. It is our goal to provide information that will help you obtain the resources, and access to the Courts, which you seek. Due to the rapidly changing nature of the information on the internet pages, the Yakima Municipal Court cannot ensure 100% accuracy. The data is provided for informational purposes only and may not have been updated on the date you view it. The Yakima Municipal Court assumes no liability for any legal consequences arising out of any information on these pages or from associated links to other websites.<\/p>\n\n\n\n<p>Descargo de responsabilidad: la informaci\u00f3n contenida en este sitio web y sus p\u00e1ginas web asociadas tiene como objetivo proporcionar informaci\u00f3n legal, no asesoramiento legal. El personal no puede proporcionar asesoramiento legal. Nuestro objetivo es brindarle informaci\u00f3n que lo ayudar\u00e1 a obtener los recursos y el acceso a los tribunales que busca. Debido a la naturaleza r\u00e1pidamente cambiante de la informaci\u00f3n en las p\u00e1ginas de Internet, el Tribunal Municipal de Yakima no puede garantizar una precisi\u00f3n del 100%. Los datos se proporcionan \u00fanicamente con fines informativos y es posible que no hayan sido actualizados en la fecha en que los consulta. El Tribunal Municipal de Yakima no asume ninguna responsabilidad por las consecuencias legales que surjan de la informaci\u00f3n contenida en estas p\u00e1ginas o de los enlaces asociados a otros sitios web.<\/p>\n","protected":false},"excerpt":{"rendered":"<p>Judge Aryn M. Masters, Court Commissioner Wendy J. Winfield, Judge Troy J. Clements DISCLAIMER \u2013 Information contained in this website and its associated webpages is meant to provide legal information,&nbsp;not legal advice. Staff cannot provide legal advice. It is our goal to provide information that will help you obtain the resources, and access to the<\/p>\n","protected":false},"author":1,"featured_media":0,"parent":0,"menu_order":0,"comment_status":"closed","ping_status":"closed","template":"","meta":{"footnotes":""},"class_list":["post-8733","page","type-page","status-publish","hentry"],"_links":{"self":[{"href":"https:\/\/www.yakimawa.gov\/services\/municipal-court\/wp-json\/wp\/v2\/pages\/8733","targetHints":{"allow":["GET"]}}],"collection":[{"href":"https:\/\/www.yakimawa.gov\/services\/municipal-court\/wp-json\/wp\/v2\/pages"}],"about":[{"href":"https:\/\/www.yakimawa.gov\/services\/municipal-court\/wp-json\/wp\/v2\/types\/page"}],"author":[{"embeddable":true,"href":"https:\/\/www.yakimawa.gov\/services\/municipal-court\/wp-json\/wp\/v2\/users\/1"}],"replies":[{"embeddable":true,"href":"https:\/\/www.yakimawa.gov\/services\/municipal-court\/wp-json\/wp\/v2\/comments?post=8733"}],"version-history":[{"count":46,"href":"https:\/\/www.yakimawa.gov\/services\/municipal-court\/wp-json\/wp\/v2\/pages\/8733\/revisions"}],"predecessor-version":[{"id":8885,"href":"https:\/\/www.yakimawa.gov\/services\/municipal-court\/wp-json\/wp\/v2\/pages\/8733\/revisions\/8885"}],"wp:attachment":[{"href":"https:\/\/www.yakimawa.gov\/services\/municipal-court\/wp-json\/wp\/v2\/media?parent=8733"}],"curies":[{"name":"wp","href":"https:\/\/api.w.org\/{rel}","templated":true}]}}