{"id":317,"date":"2022-10-18T13:42:49","date_gmt":"2022-10-18T20:42:49","guid":{"rendered":"https:\/\/www.yakimawa.gov\/services\/utility-services\/?page_id=317"},"modified":"2026-02-04T08:52:31","modified_gmt":"2026-02-04T16:52:31","slug":"utility-bill-rental-authorization","status":"publish","type":"page","link":"https:\/\/www.yakimawa.gov\/services\/utility-services\/utility-bill-rental-authorization\/","title":{"rendered":"Utility Bill Rental Authorization"},"content":{"rendered":"\n<p>Owners\/Property Managers of rental property must complete this authorization form to inform the City of the person(s) renting the property and where duplicate landlord bills are to be mailed. <strong>Please make sure to review the Utilities Website thoroughly and visit the&nbsp;<span style=\"text-decoration: underline\">Utility Pages<\/span>&nbsp;&amp;&nbsp;<span style=\"text-decoration: underline\">Ordinance Links<\/span>&nbsp;found on this site, for important information regarding utility services for properties within the City of Yakima.<\/strong><\/p>\n\n\n\n<p><a href=\"https:\/\/www.yakimawa.gov\/services\/utility-services\/utility-bill-rental-authorization-english\/\" data-type=\"page\" data-id=\"319\">Utility Bill Rental Authorization Form<\/a><\/p>\n\n\n\n<div class=\"wp-block-file\"><a id=\"wp-block-file--media-59705958-ce1d-4dea-9905-34389c6b8eab\" href=\"https:\/\/www.yakimawa.gov\/services\/utility-services\/files\/Utility-Bill-Rental-Authorization-Form-3.pdf\">Utility Bill Rental Authorization Form<\/a><a href=\"https:\/\/www.yakimawa.gov\/services\/utility-services\/files\/Utility-Bill-Rental-Authorization-Form-3.pdf\" class=\"wp-block-file__button wp-element-button\" download aria-describedby=\"wp-block-file--media-59705958-ce1d-4dea-9905-34389c6b8eab\">Download<\/a><\/div>\n\n\n\n<p>Los propietarios \/ administradores de propiedades de alquiler deben completar este formulario de autorizaci\u00f3n para informar a la Ciudad de la persona (s) en alquiler de la propiedad y a donde deben ser enviado la copia de la factura a los due\u00f1os de la propiedad. <strong>Aseg\u00farese de revisar detenidamente el sitio web de Servicios P\u00fablicos y visitar las p\u00e1ginas de servicios p\u00fablicos (<span style=\"text-decoration: underline\">Utility Pages<\/span>) y los Enlaces de Ordenanzas (<span style=\"text-decoration: underline\">Ordinance Links<\/span>) que se encuentran en este sitio para obtener informaci\u00f3n importante sobre los servicios p\u00fablicos para las propiedades dentro de la Ciudad de Yakima.<\/strong><\/p>\n\n\n\n<p><a href=\"https:\/\/www.yakimawa.gov\/services\/utility-services\/utilidad-formulario-de-autorizacion-de-alquiler\/\" data-type=\"page\">Autorizaci\u00f3n de Alquiler de Factura de Utilidades<\/a><\/p>\n\n\n\n<div class=\"wp-block-file\"><a id=\"wp-block-file--media-a3ff0c14-1ed2-48c0-ae02-6de6cc84fd29\" href=\"https:\/\/www.yakimawa.gov\/services\/utility-services\/files\/Autorizacion-de-Alquiler-de-Factura-de-Utilidades-4.pdf\">Autorizaci\u00f3n de Alquiler de Factura de Utilidades<\/a><a href=\"https:\/\/www.yakimawa.gov\/services\/utility-services\/files\/Autorizacion-de-Alquiler-de-Factura-de-Utilidades-4.pdf\" class=\"wp-block-file__button wp-element-button\" download aria-describedby=\"wp-block-file--media-a3ff0c14-1ed2-48c0-ae02-6de6cc84fd29\">Download<\/a><\/div>\n\n\n\n<p><\/p>\n","protected":false},"excerpt":{"rendered":"<p>Owners\/Property Managers of rental property must complete this authorization form to inform the City of the person(s) renting the property and where duplicate landlord bills are to be mailed. Please make sure to review the Utilities Website thoroughly and visit the&nbsp;Utility Pages&nbsp;&amp;&nbsp;Ordinance Links&nbsp;found on this site, for important information regarding utility services for properties within<\/p>\n","protected":false},"author":107,"featured_media":0,"parent":0,"menu_order":0,"comment_status":"closed","ping_status":"closed","template":"","meta":{"footnotes":""},"class_list":["post-317","page","type-page","status-publish","hentry"],"_links":{"self":[{"href":"https:\/\/www.yakimawa.gov\/services\/utility-services\/wp-json\/wp\/v2\/pages\/317","targetHints":{"allow":["GET"]}}],"collection":[{"href":"https:\/\/www.yakimawa.gov\/services\/utility-services\/wp-json\/wp\/v2\/pages"}],"about":[{"href":"https:\/\/www.yakimawa.gov\/services\/utility-services\/wp-json\/wp\/v2\/types\/page"}],"author":[{"embeddable":true,"href":"https:\/\/www.yakimawa.gov\/services\/utility-services\/wp-json\/wp\/v2\/users\/107"}],"replies":[{"embeddable":true,"href":"https:\/\/www.yakimawa.gov\/services\/utility-services\/wp-json\/wp\/v2\/comments?post=317"}],"version-history":[{"count":21,"href":"https:\/\/www.yakimawa.gov\/services\/utility-services\/wp-json\/wp\/v2\/pages\/317\/revisions"}],"predecessor-version":[{"id":5692,"href":"https:\/\/www.yakimawa.gov\/services\/utility-services\/wp-json\/wp\/v2\/pages\/317\/revisions\/5692"}],"wp:attachment":[{"href":"https:\/\/www.yakimawa.gov\/services\/utility-services\/wp-json\/wp\/v2\/media?parent=317"}],"curies":[{"name":"wp","href":"https:\/\/api.w.org\/{rel}","templated":true}]}}