{"id":5330,"date":"2025-04-18T10:53:39","date_gmt":"2025-04-18T17:53:39","guid":{"rendered":"https:\/\/www.yakimawa.gov\/services\/utility-services\/?page_id=5330"},"modified":"2025-04-18T11:10:58","modified_gmt":"2025-04-18T18:10:58","slug":"22-5000-informacion-sobre-fugas-de-agua","status":"publish","type":"page","link":"https:\/\/www.yakimawa.gov\/services\/utility-services\/22-5000-informacion-sobre-fugas-de-agua\/","title":{"rendered":"Informaci\u00f3n sobre fugas de agua"},"content":{"rendered":"\n<p>A continuaci\u00f3n encontrar\u00e1 informaci\u00f3n y herramientas \u00fatiles para ayudarle a detectar una fuga de agua y controlar mejor su consumo de agua:<\/p>\n\n\n\n<p>Lista de Detecci\u00f3n de Fugas<\/p>\n\n\n\n<div class=\"wp-block-file\"><a id=\"wp-block-file--media-0a146011-f63a-4710-9c25-32a04e601697\" href=\"https:\/\/www.yakimawa.gov\/services\/utility-services\/files\/Lista-de-Deteccion-de-Fugas.pdf\">Lista de Deteccion de Fugas<\/a><a href=\"https:\/\/www.yakimawa.gov\/services\/utility-services\/files\/Lista-de-Deteccion-de-Fugas.pdf\" class=\"wp-block-file__button wp-element-button\" download aria-describedby=\"wp-block-file--media-0a146011-f63a-4710-9c25-32a04e601697\">Download<\/a><\/div>\n\n\n\n<p>Ojo en Consumo de Agua y Prueba de Tinte para Inodoro<\/p>\n\n\n\n<div class=\"wp-block-file\"><a id=\"wp-block-file--media-52e104b6-0108-4e1e-8993-c24a144738da\" href=\"https:\/\/www.yakimawa.gov\/services\/utility-services\/files\/Ojo-en-Consumo-de-Agua-y-Prueba-de-Tinte-para-Inodoro.pdf\">Ojo en Consumo de Agua y Prueba de Tinte para Inodoro<\/a><a href=\"https:\/\/www.yakimawa.gov\/services\/utility-services\/files\/Ojo-en-Consumo-de-Agua-y-Prueba-de-Tinte-para-Inodoro.pdf\" class=\"wp-block-file__button wp-element-button\" download aria-describedby=\"wp-block-file--media-52e104b6-0108-4e1e-8993-c24a144738da\">Download<\/a><\/div>\n\n\n\n<p>Costo de Fugas de Agua con C\u00e1lculos<\/p>\n\n\n\n<div class=\"wp-block-file\"><a id=\"wp-block-file--media-38f4e055-7b4d-475e-b6f7-1f39060190f1\" href=\"https:\/\/www.yakimawa.gov\/services\/utility-services\/files\/Costo-de-Fugas-de-Agua-con-Calculos.pdf\">Costo de Fugas de Agua con Calculos<\/a><a href=\"https:\/\/www.yakimawa.gov\/services\/utility-services\/files\/Costo-de-Fugas-de-Agua-con-Calculos.pdf\" class=\"wp-block-file__button wp-element-button\" download aria-describedby=\"wp-block-file--media-38f4e055-7b4d-475e-b6f7-1f39060190f1\">Download<\/a><\/div>\n\n\n\n<p>Poliza de Ajustes del Departamento de Services P\u00fablicos<\/p>\n\n\n\n<div class=\"wp-block-file\"><a id=\"wp-block-file--media-3f6d9464-19ed-4f9a-baea-24b6beda3459\" href=\"https:\/\/www.yakimawa.gov\/services\/utility-services\/files\/Poliza-de-Ajustes-del-Departamento-de-Servicios-Publicos.pdf\">P\u00f3liza de Ajustes del Departamento de Servicios P\u00fablicos<\/a><a href=\"https:\/\/www.yakimawa.gov\/services\/utility-services\/files\/Poliza-de-Ajustes-del-Departamento-de-Servicios-Publicos.pdf\" class=\"wp-block-file__button wp-element-button\" download aria-describedby=\"wp-block-file--media-3f6d9464-19ed-4f9a-baea-24b6beda3459\">Download<\/a><\/div>\n","protected":false},"excerpt":{"rendered":"<p>A continuaci\u00f3n encontrar\u00e1 informaci\u00f3n y herramientas \u00fatiles para ayudarle a detectar una fuga de agua y controlar mejor su consumo de agua: Lista de Detecci\u00f3n de Fugas Ojo en Consumo de Agua y Prueba de Tinte para Inodoro Costo de Fugas de Agua con C\u00e1lculos Poliza de Ajustes del Departamento de Services P\u00fablicos<\/p>\n","protected":false},"author":107,"featured_media":0,"parent":0,"menu_order":0,"comment_status":"closed","ping_status":"closed","template":"","meta":{"footnotes":""},"class_list":["post-5330","page","type-page","status-publish","hentry"],"_links":{"self":[{"href":"https:\/\/www.yakimawa.gov\/services\/utility-services\/wp-json\/wp\/v2\/pages\/5330","targetHints":{"allow":["GET"]}}],"collection":[{"href":"https:\/\/www.yakimawa.gov\/services\/utility-services\/wp-json\/wp\/v2\/pages"}],"about":[{"href":"https:\/\/www.yakimawa.gov\/services\/utility-services\/wp-json\/wp\/v2\/types\/page"}],"author":[{"embeddable":true,"href":"https:\/\/www.yakimawa.gov\/services\/utility-services\/wp-json\/wp\/v2\/users\/107"}],"replies":[{"embeddable":true,"href":"https:\/\/www.yakimawa.gov\/services\/utility-services\/wp-json\/wp\/v2\/comments?post=5330"}],"version-history":[{"count":7,"href":"https:\/\/www.yakimawa.gov\/services\/utility-services\/wp-json\/wp\/v2\/pages\/5330\/revisions"}],"predecessor-version":[{"id":5348,"href":"https:\/\/www.yakimawa.gov\/services\/utility-services\/wp-json\/wp\/v2\/pages\/5330\/revisions\/5348"}],"wp:attachment":[{"href":"https:\/\/www.yakimawa.gov\/services\/utility-services\/wp-json\/wp\/v2\/media?parent=5330"}],"curies":[{"name":"wp","href":"https:\/\/api.w.org\/{rel}","templated":true}]}}